{"id":2,"date":"2024-06-01T16:50:53","date_gmt":"2024-06-01T16:50:53","guid":{"rendered":"https:\/\/nrb.ttm.mybluehost.me\/?page_id=2"},"modified":"2025-09-11T10:56:33","modified_gmt":"2025-09-11T10:56:33","slug":"acerca-de","status":"publish","type":"page","link":"https:\/\/nrb.ttm.mybluehost.me\/es\/about\/","title":{"rendered":"Sobre SALT"},"content":{"rendered":"<p>\u00bfQu\u00e9 hay de MAL en las citas cristianas? Hay dos extremos. En un extremo tienes a personas etiquetadas como \"cristianas\" que tienen citas tal y como hace el mundo. Son los tipos de la Iglesia Chad que rompen corazones e ignoran los l\u00edmites por el camino. En el otro extremo, hay una espiritualizaci\u00f3n excesiva de las citas. Estos cristianos compran un anillo despu\u00e9s de su tercera cita para tomar un caf\u00e9 y se dan su primer beso en la boda. Los que estamos en medio nos sentimos un poco perdidos. \u00bfC\u00f3mo debemos tener citas como cristianos? \u00bfQu\u00e9 dice la Biblia sobre las citas?<\/p>\n\n\n\n<h2 class=\"wp-block-heading\" id=\"h-salt-christian-dating-app\">SALT Christian Dating App<\/h2>\n\n\n\n<p>\u00bfY qu\u00e9 pasa con nosotros? \u00bfQui\u00e9nes somos? <a href=\"https:\/\/www.be-salt.com\/\" target=\"_blank\" rel=\"noreferrer noopener\">SAL<\/a> se fund\u00f3 para ofrecer a los cristianos una forma mejor de conocerse, tener citas y casarse. Nuestra misi\u00f3n es servir y facilitar las relaciones de los m\u00e1s de 500 millones de cristianos adultos solteros de todo el mundo. Y somos gente normal, con los pies en la tierra, que ama a Jes\u00fas. Creemos que las citas cristianas se hacen mejor en comunidad. No estamos aqu\u00ed para decirte lo que tienes que hacer. Creamos oportunidades para que los cristianos solteros se conecten y charlen. As\u00ed que \u00a1\u00fanete a la conversaci\u00f3n!<\/p>\n\n\n\n<h2 class=\"wp-block-heading\" id=\"h-you-want-to-do-dating-better\">Quieres tener mejores citas<\/h2>\n\n\n\n<p>Si eres un cristiano soltero con la esperanza de encontrar pareja alg\u00fan d\u00eda, este blog es para ti. Sabemos que la solter\u00eda en la Iglesia puede ser un asco. El matrimonio se pone en un pedestal. Tambi\u00e9n sabemos que las citas son duras. Pero hacerlo juntos es mejor.<\/p>\n\n\n\n<p>As\u00ed que coge una taza de t\u00e9. Si\u00e9ntate y lee. \u00bfPor qu\u00e9 no empiezas por <a href=\"https:\/\/nrb.ttm.mybluehost.me\/es\/consejos-cristianos-para-citas-que-salen-mal\/\" target=\"_blank\" rel=\"noreferrer noopener\">Un consejo cristiano para las citas que ha salido mal<\/a>.<\/p>\n\n\n\n<p>SALT ya est\u00e1 disponible en EE.UU., Reino Unido, Australia, Nueva Zelanda, Sud\u00e1frica, Canad\u00e1, Israel, Corea del Sur, Jap\u00f3n, Brasil, Irlanda, Alemania, Suiza, Austria, Espa\u00f1a, Francia, B\u00e9lgica, Luxemburgo, Noruega, Suecia, Dinamarca, Finlandia, Italia, Portugal, Croacia, Letonia, Islandia, Hungr\u00eda, Ruman\u00eda, Moldavia, Turqu\u00eda, Polonia, Rep\u00fablica Checa, Eslovaquia, Eslovenia, Bulgaria, Lituania, Singapur, Filipinas, M\u00e9xico, Argentina, Colombia, Ecuador, Paraguay, Per\u00fa, Venezuela, Bolivia y Chile, \u00a1y pronto llegar\u00e1 a ti!<\/p>\n\n\n\n<p>\u00bfPor qu\u00e9 no? <a href=\"https:\/\/onelink.to\/websiteurl\" target=\"_blank\" rel=\"noreferrer noopener\">descargar SALT<\/a> \u00a1para conocer hoy a cristianos solteros encantadores!<\/p>\n\n\n\n<h2 class=\"wp-block-heading\" id=\"h-latest-offers\">\u00daltimas ofertas<\/h2>\n\n\n\n<p>Ahora puedes adquirir tu suscripci\u00f3n Premium en nuestro sitio web con un ahorro de hasta 30%. SALT es gratis para unirse, emparejarse y chatear, pero puedes desbloquear un mont\u00f3n de funciones interesantes con una suscripci\u00f3n Premium. <a href=\"https:\/\/www.be-salt.com\/premium\" target=\"_blank\" rel=\"noreferrer noopener\">suscripci\u00f3n premium<\/a> incluyendo la b\u00fasqueda global, ver a qui\u00e9n le has gustado y el modo inc\u00f3gnito (que s\u00f3lo te vea la gente a la que le has gustado).<\/p>","protected":false},"excerpt":{"rendered":"<p>What&#8217;s WRONG with Christian dating?! You get two extremes. At one end you have people labelled as &#8216;Christians&#8217; dating just as the world does. They are your Church Chad types breaking hearts and ignoring boundaries along the way. Then at the other end you get over-spiritualising dating. These Christians buy a ring after their third [&hellip;]<\/p>\n","protected":false},"author":6,"featured_media":93,"parent":0,"menu_order":0,"comment_status":"closed","ping_status":"closed","template":"","meta":{"footnotes":""},"class_list":["post-2","page","type-page","status-publish","has-post-thumbnail","hentry"],"yoast_head":"<!-- This site is optimized with the Yoast SEO Premium plugin v27.2 (Yoast SEO v27.3) - https:\/\/yoast.com\/product\/yoast-seo-premium-wordpress\/ -->\n<title>About SALT - SALT &amp; Life<\/title>\n<meta name=\"description\" content=\"About us (SALT Christian Dating App Blog). Christian dating is hard! Read along to do the Christian dating journey with friends.\" \/>\n<meta name=\"robots\" content=\"index, follow, max-snippet:-1, max-image-preview:large, max-video-preview:-1\" \/>\n<link rel=\"canonical\" href=\"https:\/\/nrb.ttm.mybluehost.me\/es\/acerca-de\/\" \/>\n<meta property=\"og:locale\" content=\"es_ES\" \/>\n<meta property=\"og:type\" content=\"article\" \/>\n<meta property=\"og:title\" content=\"About SALT\" \/>\n<meta property=\"og:description\" content=\"About us (SALT Christian Dating App Blog). Christian dating is hard! Read along to do the Christian dating journey with friends.\" \/>\n<meta property=\"og:url\" content=\"https:\/\/nrb.ttm.mybluehost.me\/es\/acerca-de\/\" \/>\n<meta property=\"og:site_name\" content=\"SALT &amp; Life\" \/>\n<meta property=\"article:publisher\" content=\"https:\/\/www.facebook.com\/profile.php?id=100063615338189\" \/>\n<meta property=\"article:modified_time\" content=\"2025-09-11T10:56:33+00:00\" \/>\n<meta property=\"og:image\" content=\"https:\/\/nrb.ttm.mybluehost.me\/wp-content\/uploads\/2024\/07\/tea-first-date-scaled.jpg\" \/>\n\t<meta property=\"og:image:width\" content=\"1920\" \/>\n\t<meta property=\"og:image:height\" content=\"1442\" \/>\n\t<meta property=\"og:image:type\" content=\"image\/jpeg\" \/>\n<meta name=\"twitter:card\" content=\"summary_large_image\" \/>\n<meta name=\"twitter:site\" content=\"@SALTDating\" \/>\n<meta name=\"twitter:label1\" content=\"Tiempo de lectura\" \/>\n\t<meta name=\"twitter:data1\" content=\"2 minutos\" \/>\n<script type=\"application\/ld+json\" class=\"yoast-schema-graph\">{\"@context\":\"https:\\\/\\\/schema.org\",\"@graph\":[{\"@type\":\"WebPage\",\"@id\":\"https:\\\/\\\/nrb.ttm.mybluehost.me\\\/about\\\/\",\"url\":\"https:\\\/\\\/nrb.ttm.mybluehost.me\\\/about\\\/\",\"name\":\"About SALT - SALT &amp; Life\",\"isPartOf\":{\"@id\":\"https:\\\/\\\/nrb.ttm.mybluehost.me\\\/#website\"},\"primaryImageOfPage\":{\"@id\":\"https:\\\/\\\/nrb.ttm.mybluehost.me\\\/about\\\/#primaryimage\"},\"image\":{\"@id\":\"https:\\\/\\\/nrb.ttm.mybluehost.me\\\/about\\\/#primaryimage\"},\"thumbnailUrl\":\"https:\\\/\\\/nrb.ttm.mybluehost.me\\\/wp-content\\\/uploads\\\/2024\\\/07\\\/tea-first-date-scaled.jpg\",\"datePublished\":\"2024-06-01T16:50:53+00:00\",\"dateModified\":\"2025-09-11T10:56:33+00:00\",\"description\":\"About us (SALT Christian Dating App Blog). Christian dating is hard! Read along to do the Christian dating journey with friends.\",\"breadcrumb\":{\"@id\":\"https:\\\/\\\/nrb.ttm.mybluehost.me\\\/about\\\/#breadcrumb\"},\"inLanguage\":\"es\",\"potentialAction\":[{\"@type\":\"ReadAction\",\"target\":[\"https:\\\/\\\/nrb.ttm.mybluehost.me\\\/about\\\/\"]}]},{\"@type\":\"ImageObject\",\"inLanguage\":\"es\",\"@id\":\"https:\\\/\\\/nrb.ttm.mybluehost.me\\\/about\\\/#primaryimage\",\"url\":\"https:\\\/\\\/nrb.ttm.mybluehost.me\\\/wp-content\\\/uploads\\\/2024\\\/07\\\/tea-first-date-scaled.jpg\",\"contentUrl\":\"https:\\\/\\\/nrb.ttm.mybluehost.me\\\/wp-content\\\/uploads\\\/2024\\\/07\\\/tea-first-date-scaled.jpg\",\"width\":1920,\"height\":1442,\"caption\":\"Cafe perfect for christian dating\"},{\"@type\":\"BreadcrumbList\",\"@id\":\"https:\\\/\\\/nrb.ttm.mybluehost.me\\\/about\\\/#breadcrumb\",\"itemListElement\":[{\"@type\":\"ListItem\",\"position\":1,\"name\":\"Home\",\"item\":\"https:\\\/\\\/nrb.ttm.mybluehost.me\\\/\"},{\"@type\":\"ListItem\",\"position\":2,\"name\":\"About SALT\"}]},{\"@type\":\"WebSite\",\"@id\":\"https:\\\/\\\/nrb.ttm.mybluehost.me\\\/#website\",\"url\":\"https:\\\/\\\/nrb.ttm.mybluehost.me\\\/\",\"name\":\"Christian Dating with SALT\",\"description\":\"Godly dating advice for single Christians by SALT\",\"publisher\":{\"@id\":\"https:\\\/\\\/nrb.ttm.mybluehost.me\\\/#organization\"},\"potentialAction\":[{\"@type\":\"SearchAction\",\"target\":{\"@type\":\"EntryPoint\",\"urlTemplate\":\"https:\\\/\\\/nrb.ttm.mybluehost.me\\\/?s={search_term_string}\"},\"query-input\":{\"@type\":\"PropertyValueSpecification\",\"valueRequired\":true,\"valueName\":\"search_term_string\"}}],\"inLanguage\":\"es\"},{\"@type\":[\"Organization\",\"Place\"],\"@id\":\"https:\\\/\\\/nrb.ttm.mybluehost.me\\\/#organization\",\"name\":\"SALT\",\"url\":\"https:\\\/\\\/nrb.ttm.mybluehost.me\\\/\",\"logo\":{\"@id\":\"https:\\\/\\\/nrb.ttm.mybluehost.me\\\/about\\\/#local-main-organization-logo\"},\"image\":{\"@id\":\"https:\\\/\\\/nrb.ttm.mybluehost.me\\\/about\\\/#local-main-organization-logo\"},\"sameAs\":[\"https:\\\/\\\/www.facebook.com\\\/profile.php?id=100063615338189\",\"https:\\\/\\\/x.com\\\/SALTDating\",\"https:\\\/\\\/www.instagram.com\\\/be_salt\\\/\",\"https:\\\/\\\/www.youtube.com\\\/@be_salt\",\"https:\\\/\\\/www.tiktok.com\\\/@ex_salt_him\",\"https:\\\/\\\/www.be-salt.com\"],\"telephone\":[],\"openingHoursSpecification\":[{\"@type\":\"OpeningHoursSpecification\",\"dayOfWeek\":[\"Monday\",\"Tuesday\",\"Wednesday\",\"Thursday\",\"Friday\",\"Saturday\",\"Sunday\"],\"opens\":\"09:00\",\"closes\":\"17:00\"}]},{\"@type\":\"ImageObject\",\"inLanguage\":\"es\",\"@id\":\"https:\\\/\\\/nrb.ttm.mybluehost.me\\\/about\\\/#local-main-organization-logo\",\"url\":\"https:\\\/\\\/nrb.ttm.mybluehost.me\\\/wp-content\\\/uploads\\\/2024\\\/07\\\/SALTLOGO.png\",\"contentUrl\":\"https:\\\/\\\/nrb.ttm.mybluehost.me\\\/wp-content\\\/uploads\\\/2024\\\/07\\\/SALTLOGO.png\",\"width\":350,\"height\":100,\"caption\":\"SALT\"}]}<\/script>\n<!-- \/ Yoast SEO Premium plugin. -->","yoast_head_json":{"title":"Sobre SALT - SALT y la vida","description":"Sobre nosotros (SALT Christian Dating App Blog). \u00a1Las citas cristianas son dif\u00edciles! Sigue leyendo para hacer el viaje de las citas cristianas con amigos.","robots":{"index":"index","follow":"follow","max-snippet":"max-snippet:-1","max-image-preview":"max-image-preview:large","max-video-preview":"max-video-preview:-1"},"canonical":"https:\/\/nrb.ttm.mybluehost.me\/es\/acerca-de\/","og_locale":"es_ES","og_type":"article","og_title":"About SALT","og_description":"About us (SALT Christian Dating App Blog). Christian dating is hard! Read along to do the Christian dating journey with friends.","og_url":"https:\/\/nrb.ttm.mybluehost.me\/es\/acerca-de\/","og_site_name":"SALT &amp; Life","article_publisher":"https:\/\/www.facebook.com\/profile.php?id=100063615338189","article_modified_time":"2025-09-11T10:56:33+00:00","og_image":[{"width":1920,"height":1442,"url":"https:\/\/nrb.ttm.mybluehost.me\/wp-content\/uploads\/2024\/07\/tea-first-date-scaled.jpg","type":"image\/jpeg"}],"twitter_card":"summary_large_image","twitter_site":"@SALTDating","twitter_misc":{"Tiempo de lectura":"2 minutos"},"schema":{"@context":"https:\/\/schema.org","@graph":[{"@type":"WebPage","@id":"https:\/\/nrb.ttm.mybluehost.me\/about\/","url":"https:\/\/nrb.ttm.mybluehost.me\/about\/","name":"Sobre SALT - SALT y la vida","isPartOf":{"@id":"https:\/\/nrb.ttm.mybluehost.me\/#website"},"primaryImageOfPage":{"@id":"https:\/\/nrb.ttm.mybluehost.me\/about\/#primaryimage"},"image":{"@id":"https:\/\/nrb.ttm.mybluehost.me\/about\/#primaryimage"},"thumbnailUrl":"https:\/\/nrb.ttm.mybluehost.me\/wp-content\/uploads\/2024\/07\/tea-first-date-scaled.jpg","datePublished":"2024-06-01T16:50:53+00:00","dateModified":"2025-09-11T10:56:33+00:00","description":"Sobre nosotros (SALT Christian Dating App Blog). \u00a1Las citas cristianas son dif\u00edciles! Sigue leyendo para hacer el viaje de las citas cristianas con amigos.","breadcrumb":{"@id":"https:\/\/nrb.ttm.mybluehost.me\/about\/#breadcrumb"},"inLanguage":"es","potentialAction":[{"@type":"ReadAction","target":["https:\/\/nrb.ttm.mybluehost.me\/about\/"]}]},{"@type":"ImageObject","inLanguage":"es","@id":"https:\/\/nrb.ttm.mybluehost.me\/about\/#primaryimage","url":"https:\/\/nrb.ttm.mybluehost.me\/wp-content\/uploads\/2024\/07\/tea-first-date-scaled.jpg","contentUrl":"https:\/\/nrb.ttm.mybluehost.me\/wp-content\/uploads\/2024\/07\/tea-first-date-scaled.jpg","width":1920,"height":1442,"caption":"Cafe perfect for christian dating"},{"@type":"BreadcrumbList","@id":"https:\/\/nrb.ttm.mybluehost.me\/about\/#breadcrumb","itemListElement":[{"@type":"ListItem","position":1,"name":"Home","item":"https:\/\/nrb.ttm.mybluehost.me\/"},{"@type":"ListItem","position":2,"name":"About SALT"}]},{"@type":"WebSite","@id":"https:\/\/nrb.ttm.mybluehost.me\/#website","url":"https:\/\/nrb.ttm.mybluehost.me\/","name":"Citas cristianas con SALT","description":"Consejos piadosos sobre citas para cristianos solteros por SALT","publisher":{"@id":"https:\/\/nrb.ttm.mybluehost.me\/#organization"},"potentialAction":[{"@type":"SearchAction","target":{"@type":"EntryPoint","urlTemplate":"https:\/\/nrb.ttm.mybluehost.me\/?s={search_term_string}"},"query-input":{"@type":"PropertyValueSpecification","valueRequired":true,"valueName":"search_term_string"}}],"inLanguage":"es"},{"@type":["Organization","Place"],"@id":"https:\/\/nrb.ttm.mybluehost.me\/#organization","name":"SAL","url":"https:\/\/nrb.ttm.mybluehost.me\/","logo":{"@id":"https:\/\/nrb.ttm.mybluehost.me\/about\/#local-main-organization-logo"},"image":{"@id":"https:\/\/nrb.ttm.mybluehost.me\/about\/#local-main-organization-logo"},"sameAs":["https:\/\/www.facebook.com\/profile.php?id=100063615338189","https:\/\/x.com\/SALTDating","https:\/\/www.instagram.com\/be_salt\/","https:\/\/www.youtube.com\/@be_salt","https:\/\/www.tiktok.com\/@ex_salt_him","https:\/\/www.be-salt.com"],"telephone":[],"openingHoursSpecification":[{"@type":"OpeningHoursSpecification","dayOfWeek":["Monday","Tuesday","Wednesday","Thursday","Friday","Saturday","Sunday"],"opens":"09:00","closes":"17:00"}]},{"@type":"ImageObject","inLanguage":"es","@id":"https:\/\/nrb.ttm.mybluehost.me\/about\/#local-main-organization-logo","url":"https:\/\/nrb.ttm.mybluehost.me\/wp-content\/uploads\/2024\/07\/SALTLOGO.png","contentUrl":"https:\/\/nrb.ttm.mybluehost.me\/wp-content\/uploads\/2024\/07\/SALTLOGO.png","width":350,"height":100,"caption":"SALT"}]}},"jetpack_sharing_enabled":true,"_links":{"self":[{"href":"https:\/\/nrb.ttm.mybluehost.me\/es\/wp-json\/wp\/v2\/pages\/2","targetHints":{"allow":["GET"]}}],"collection":[{"href":"https:\/\/nrb.ttm.mybluehost.me\/es\/wp-json\/wp\/v2\/pages"}],"about":[{"href":"https:\/\/nrb.ttm.mybluehost.me\/es\/wp-json\/wp\/v2\/types\/page"}],"author":[{"embeddable":true,"href":"https:\/\/nrb.ttm.mybluehost.me\/es\/wp-json\/wp\/v2\/users\/6"}],"replies":[{"embeddable":true,"href":"https:\/\/nrb.ttm.mybluehost.me\/es\/wp-json\/wp\/v2\/comments?post=2"}],"version-history":[{"count":4,"href":"https:\/\/nrb.ttm.mybluehost.me\/es\/wp-json\/wp\/v2\/pages\/2\/revisions"}],"predecessor-version":[{"id":3052,"href":"https:\/\/nrb.ttm.mybluehost.me\/es\/wp-json\/wp\/v2\/pages\/2\/revisions\/3052"}],"wp:featuredmedia":[{"embeddable":true,"href":"https:\/\/nrb.ttm.mybluehost.me\/es\/wp-json\/wp\/v2\/media\/93"}],"wp:attachment":[{"href":"https:\/\/nrb.ttm.mybluehost.me\/es\/wp-json\/wp\/v2\/media?parent=2"}],"curies":[{"name":"wp","href":"https:\/\/api.w.org\/{rel}","templated":true}]}}